{"id":136,"date":"2021-08-16T12:01:57","date_gmt":"2021-08-16T12:01:57","guid":{"rendered":"http:\/\/www.falquimica.com\/?page_id=136"},"modified":"2021-08-16T12:19:34","modified_gmt":"2021-08-16T12:19:34","slug":"clarificacion-y-potabilizacion","status":"publish","type":"page","link":"https:\/\/www.falquimica.com\/?page_id=136","title":{"rendered":"Clarificaci\u00f3n y Potabilizaci\u00f3n"},"content":{"rendered":"\t\t<div data-elementor-type=\"wp-page\" data-elementor-id=\"136\" class=\"elementor elementor-136\" data-elementor-settings=\"[]\">\n\t\t\t\t\t\t\t<div class=\"elementor-section-wrap\">\n\t\t\t\t\t\t\t<section class=\"elementor-section elementor-top-section elementor-element elementor-element-86d8f59 elementor-section-boxed elementor-section-height-default elementor-section-height-default\" data-id=\"86d8f59\" data-element_type=\"section\" data-settings=\"{&quot;_ha_eqh_enable&quot;:false}\">\n\t\t\t\t\t\t<div class=\"elementor-container elementor-column-gap-default\">\n\t\t\t\t\t<div class=\"elementor-column elementor-col-100 elementor-top-column elementor-element elementor-element-09abdbc\" data-id=\"09abdbc\" data-element_type=\"column\">\n\t\t\t<div class=\"elementor-widget-wrap elementor-element-populated\">\n\t\t\t\t\t\t\t\t<div class=\"elementor-element elementor-element-95996e3 elementor-widget elementor-widget-text-editor\" data-id=\"95996e3\" data-element_type=\"widget\" data-widget_type=\"text-editor.default\">\n\t\t\t\t<div class=\"elementor-widget-container\">\n\t\t\t\t\t\t\t\t<p>La gama mas completa de productos para aplicaciones de separaci\u00f3n.<\/p><ul><li>Floculantes.<\/li><li>Coagulantes.<\/li><li>Espesadores de lodos<\/li><li>Ayudas de sedimentaci\u00f3n.<\/li><li>Separaci\u00f3n de metales.<\/li><li>Rompedores de Emulsi\u00f3n.<\/li><\/ul>\t\t\t\t\t\t<\/div>\n\t\t\t\t<\/div>\n\t\t\t\t\t<\/div>\n\t\t<\/div>\n\t\t\t\t\t\t\t<\/div>\n\t\t<\/section>\n\t\t\t\t\t\t<\/div>\n\t\t\t\t\t<\/div>\n\t\t","protected":false},"excerpt":{"rendered":"<p>La gama mas completa de productos para aplicaciones de separaci\u00f3n. Floculantes. Coagulantes. Espesadores de lodos Ayudas de sedimentaci\u00f3n. Separaci\u00f3n de metales. Rompedores de Emulsi\u00f3n.<\/p>\n","protected":false},"author":1,"featured_media":0,"parent":0,"menu_order":0,"comment_status":"closed","ping_status":"closed","template":"","meta":{"footnotes":""},"_links":{"self":[{"href":"https:\/\/www.falquimica.com\/index.php?rest_route=\/wp\/v2\/pages\/136"}],"collection":[{"href":"https:\/\/www.falquimica.com\/index.php?rest_route=\/wp\/v2\/pages"}],"about":[{"href":"https:\/\/www.falquimica.com\/index.php?rest_route=\/wp\/v2\/types\/page"}],"author":[{"embeddable":true,"href":"https:\/\/www.falquimica.com\/index.php?rest_route=\/wp\/v2\/users\/1"}],"replies":[{"embeddable":true,"href":"https:\/\/www.falquimica.com\/index.php?rest_route=%2Fwp%2Fv2%2Fcomments&post=136"}],"version-history":[{"count":4,"href":"https:\/\/www.falquimica.com\/index.php?rest_route=\/wp\/v2\/pages\/136\/revisions"}],"predecessor-version":[{"id":160,"href":"https:\/\/www.falquimica.com\/index.php?rest_route=\/wp\/v2\/pages\/136\/revisions\/160"}],"wp:attachment":[{"href":"https:\/\/www.falquimica.com\/index.php?rest_route=%2Fwp%2Fv2%2Fmedia&parent=136"}],"curies":[{"name":"wp","href":"https:\/\/api.w.org\/{rel}","templated":true}]}}